{"id":290,"date":"2019-12-13T13:21:42","date_gmt":"2019-12-13T12:21:42","guid":{"rendered":"http:\/\/m-r.si\/home\/"},"modified":"2020-07-13T14:14:21","modified_gmt":"2020-07-13T13:14:21","slug":"home","status":"publish","type":"page","link":"https:\/\/m-r.si\/en\/","title":{"rendered":"Home"},"content":{"rendered":"\n\t<h1>M \u2013 R PLUS d.o.o. Wood drying<\/h1>\n<h3>\n\t\tOFFER AND SERVICES\n\t<\/h3>\n\t<p>Our company offer.<\/p>\n\t\t\t\t<a href=\"http:\/\/m-r.si\/en\/wood-drying\/\" target=\"_self\" itemprop=\"url\" rel=\"noopener noreferrer\">\n\t\t\t\t<img src=\"https:\/\/m-r.si\/wp-content\/uploads\/2019\/11\/e683ead8-ebef-4d63-ab0d-f66daebfd3ab.jpg\" alt=\"e683ead8-ebef-4d63-ab0d-f66daebfd3ab\" itemprop=\"image\" title=\"e683ead8-ebef-4d63-ab0d-f66daebfd3ab\" onerror=\"this.style.display='none'\"  \/>\n\t\t\t\t<\/a>\n<h4>\n\t\t<a href=\"http:\/\/m-r.si\/en\/wood-drying\/\" title=\"WOOD DRYING\" target=\"_self\" rel=\"noopener noreferrer\">\n\t\tWOOD DRYING\n\t\t<\/a>\n\t<\/h4>\n\t\t\t\t<a href=\"http:\/\/m-r.si\/en\/other-offer\/\" target=\"_self\" itemprop=\"url\" rel=\"noopener noreferrer\">\n\t\t\t\t<img src=\"https:\/\/m-r.si\/wp-content\/uploads\/2019\/11\/4f096697-d080-40c0-bf8b-e9662213a220-1.jpg\" alt=\"4f096697-d080-40c0-bf8b-e9662213a220\" itemprop=\"image\" title=\"4f096697-d080-40c0-bf8b-e9662213a220\" onerror=\"this.style.display='none'\"  \/>\n\t\t\t\t<\/a>\n<h4>\n\t\t<a href=\"http:\/\/m-r.si\/en\/other-offer\/\" title=\"OTHER OFFER\" target=\"_self\" rel=\"noopener noreferrer\">\n\t\tOTHER OFFER\n\t\t<\/a>\n\t<\/h4>\n\t\t\t\t<a href=\"http:\/\/m-r.si\/en\/references\/\" target=\"_self\" itemprop=\"url\" rel=\"noopener noreferrer\">\n\t\t\t\t<img src=\"https:\/\/m-r.si\/wp-content\/uploads\/2019\/11\/ac383ca2-cf3e-469c-9abf-fcef03051083-1.jpg\" alt=\"ac383ca2-cf3e-469c-9abf-fcef03051083\" itemprop=\"image\" title=\"ac383ca2-cf3e-469c-9abf-fcef03051083\" onerror=\"this.style.display='none'\"  \/>\n\t\t\t\t<\/a>\n<h4>\n\t\t<a href=\"http:\/\/m-r.si\/en\/references\/\" title=\"REFERENCES\" target=\"_self\" rel=\"noopener noreferrer\">\n\t\tREFERENCES\n\t\t<\/a>\n\t<\/h4>\n\t\t\t\t<img src=\"https:\/\/m-r.si\/wp-content\/uploads\/2019\/11\/2a9d54b9-5241-4a5d-b805-53cfd0fd02cb-1.jpg\" alt=\"2a9d54b9-5241-4a5d-b805-53cfd0fd02cb\" itemprop=\"image\" title=\"2a9d54b9-5241-4a5d-b805-53cfd0fd02cb\" onerror=\"this.style.display='none'\"  \/>\n<h3>\n\t\tABOUT US\n\t<\/h3>\n\t<p>We produce wood dryers and other products under our own brand and we take care of our good name by providing high-quality products with the implementation of subcontractors from Slovenia and from abroad under the condition that they are properly certified.<\/p>\n<p><strong>Basic production program of the company includes production of:<\/strong><\/p>\n<ul>\n<li>Conventional wood drying kilns<\/li>\n<li>Condensational wood drying kilns<\/li>\n<li>Container wood drying kilns<\/li>\n<li>Direct steamers<\/li>\n<li>Indirect steamers<\/li>\n<li>Controllers<\/li>\n<li>Moisture meters<\/li>\n<li>Equipment for thermical treatment of wood according to ISPM 15<\/li>\n<li>Fruit and vegetable dryers<\/li>\n<\/ul>\n\t\t\t<a href=\"http:\/\/m-r.si\/en\/about-us\/\" target=\"_self\" role=\"button\" rel=\"noopener noreferrer\">\n\t\t\t\t\t\t\tMORE ABOUT US\n\t\t\t\t\t<\/a>\n\t\t\t\t<a\n\t\t\thref=\"https:\/\/m-r.si\/wp-content\/uploads\/2019\/11\/009e33a8-af99-44a5-a09b-2c679f65a786.jpg\"\n\t\t\t\t\t\trel=\"nofollow\" data-fancybox=\"images\" \n\t\t\ttitle=\"009e33a8-af99-44a5-a09b-2c679f65a786\" \n\t\t\t\t\t\tdata-caption=\"\"\n\t\t\t\t\t\tdata-description=\"\" \n\t\t\titemprop=\"contentUrl\"\n\t\t>\n\t\t<img src=\"https:\/\/m-r.si\/wp-content\/uploads\/2019\/11\/009e33a8-af99-44a5-a09b-2c679f65a786.jpg\" alt=\"\" data-no-lazy=\"1\" itemprop=\"thumbnail\" \/>\n\t\t\t<!-- Overlay Wrapper -->\n\t\t\t <!-- Overlay Wrapper Closed -->\n\t\t\t\t<\/a>\n\t\t\t\t\t\t\t<meta itemprop=\"width\" content=\"747\" \/>\n\t\t\t<meta itemprop=\"height\" content=\"500\" \/>\n\t\t\t\t<a\n\t\t\thref=\"https:\/\/m-r.si\/wp-content\/uploads\/2019\/11\/a0bf5c32-9a1e-41fe-ab47-f20972b22304-1024x768.jpg\"\n\t\t\t\t\t\trel=\"nofollow\" data-fancybox=\"images\" \n\t\t\ttitle=\"a0bf5c32-9a1e-41fe-ab47-f20972b22304\" \n\t\t\t\t\t\tdata-caption=\"\"\n\t\t\t\t\t\tdata-description=\"\" \n\t\t\titemprop=\"contentUrl\"\n\t\t>\n\t\t<img src=\"https:\/\/m-r.si\/wp-content\/uploads\/2019\/11\/a0bf5c32-9a1e-41fe-ab47-f20972b22304-1024x768.jpg\" alt=\"\" data-no-lazy=\"1\" itemprop=\"thumbnail\" \/>\n\t\t\t<!-- Overlay Wrapper -->\n\t\t\t <!-- Overlay Wrapper Closed -->\n\t\t\t\t<\/a>\n\t\t\t\t\t\t\t<meta itemprop=\"width\" content=\"1024\" \/>\n\t\t\t<meta itemprop=\"height\" content=\"768\" \/>\n\t\t\t\t<a\n\t\t\thref=\"https:\/\/m-r.si\/wp-content\/uploads\/2019\/11\/f287aebc-827f-4f49-b364-eea11ee63302.jpg\"\n\t\t\t\t\t\trel=\"nofollow\" data-fancybox=\"images\" \n\t\t\ttitle=\"f287aebc-827f-4f49-b364-eea11ee63302\" \n\t\t\t\t\t\tdata-caption=\"\"\n\t\t\t\t\t\tdata-description=\"\" \n\t\t\titemprop=\"contentUrl\"\n\t\t>\n\t\t<img src=\"https:\/\/m-r.si\/wp-content\/uploads\/2019\/11\/f287aebc-827f-4f49-b364-eea11ee63302.jpg\" alt=\"\" data-no-lazy=\"1\" itemprop=\"thumbnail\" \/>\n\t\t\t<!-- Overlay Wrapper -->\n\t\t\t <!-- Overlay Wrapper Closed -->\n\t\t\t\t<\/a>\n\t\t\t\t\t\t\t<meta itemprop=\"width\" content=\"667\" \/>\n\t\t\t<meta itemprop=\"height\" content=\"399\" \/>\n\t\t\t\t<a\n\t\t\thref=\"https:\/\/m-r.si\/wp-content\/uploads\/2019\/11\/f3bf8085-ccae-4ed0-ad08-d61ef9fde864.jpg\"\n\t\t\t\t\t\trel=\"nofollow\" data-fancybox=\"images\" \n\t\t\ttitle=\"f3bf8085-ccae-4ed0-ad08-d61ef9fde864\" \n\t\t\t\t\t\tdata-caption=\"\"\n\t\t\t\t\t\tdata-description=\"\" \n\t\t\titemprop=\"contentUrl\"\n\t\t>\n\t\t<img src=\"https:\/\/m-r.si\/wp-content\/uploads\/2019\/11\/f3bf8085-ccae-4ed0-ad08-d61ef9fde864.jpg\" alt=\"\" data-no-lazy=\"1\" itemprop=\"thumbnail\" \/>\n\t\t\t<!-- Overlay Wrapper -->\n\t\t\t <!-- Overlay Wrapper Closed -->\n\t\t\t\t<\/a>\n\t\t\t\t\t\t\t<meta itemprop=\"width\" content=\"400\" \/>\n\t\t\t<meta itemprop=\"height\" content=\"233\" \/>\n\t\t\t\t<a\n\t\t\thref=\"https:\/\/m-r.si\/wp-content\/uploads\/2019\/11\/ebbe6f6f-84b9-40b1-bea4-c65077787fb5.jpg\"\n\t\t\t\t\t\trel=\"nofollow\" data-fancybox=\"images\" \n\t\t\ttitle=\"ebbe6f6f-84b9-40b1-bea4-c65077787fb5\" \n\t\t\t\t\t\tdata-caption=\"\"\n\t\t\t\t\t\tdata-description=\"\" \n\t\t\titemprop=\"contentUrl\"\n\t\t>\n\t\t<img src=\"https:\/\/m-r.si\/wp-content\/uploads\/2019\/11\/ebbe6f6f-84b9-40b1-bea4-c65077787fb5.jpg\" alt=\"\" data-no-lazy=\"1\" itemprop=\"thumbnail\" \/>\n\t\t\t<!-- Overlay Wrapper -->\n\t\t\t <!-- Overlay Wrapper Closed -->\n\t\t\t\t<\/a>\n\t\t\t\t\t\t\t<meta itemprop=\"width\" content=\"648\" \/>\n\t\t\t<meta itemprop=\"height\" content=\"433\" \/>\n\t<h3>\n\t\tVIEW OUR PROSPECTUS\n\t<\/h3>\n\t<p>We market products under our own brand and we take care of our good name by providing high quality products with the implementation of subcontractors from Slovenia and from abroad under the condition that they are properly certified.<\/p>\n\t\t\t<a href=\"https:\/\/drive.google.com\/file\/d\/1njS_cqrHvMRVO24Ezk1WzzXDbbDg9vgW\/view\" target=\"_blank\" role=\"button\" rel=\"noopener noreferrer\">\n\t\t\t\t\t\t\tPROSPECT\n\t\t\t\t\t<\/a>\n\t\t\t\t<a href=\"https:\/\/www.dropbox.com\/s\/ypiv8ihy8lzoz47\/prospekt.pdf?dl=0\" target=\"_blank\" rel=\"noopener noreferrer\" itemprop=\"url\">\n\t\t\t\t<img src=\"https:\/\/m-r.si\/wp-content\/uploads\/2019\/11\/67640090-7314-4d3f-983b-407bbb2049bc-1.jpg\" alt=\"67640090-7314-4d3f-983b-407bbb2049bc\" itemprop=\"image\" title=\"67640090-7314-4d3f-983b-407bbb2049bc\" onerror=\"this.style.display='none'\"  \/>\n\t\t\t\t<\/a>\n\t\t<h2>Inquiry<\/h2>\n\t\t<p>Send us a message and we will be happy to reply as soon as possible!<\/p>\n\t\t\t<a href=\"http:\/\/m-r.si\/en\/contact\/\" target=\"_self\" role=\"button\" rel=\"noopener noreferrer\">\n\t\t\t\t\t\t\tContact  us!\n\t\t\t\t\t<\/a>\n<h3>\n\t\tNews\n\t<\/h3>\n\t<p>Last news from our company.<\/p>\n\t\t<p>Sorry, we couldn&#8217;t find any posts.<\/p>\n\t\t\t\t<form aria-label=\"Search\" method=\"get\" role=\"search\" action=\"https:\/\/m-r.si\/en\/\" title=\"Type and press Enter to search.\">\n\t<input aria-label=\"Search\" type=\"search\" name=\"s\" value=\"Search\" onfocus=\"if (this.value == 'Search') { this.value = ''; }\" onblur=\"if (this.value == '') this.value='Search';\" \/>\n<\/form>\n<h3>\n\t\tREFERENCES\n\t<\/h3>\n\t<p>Some of our references.<\/p>\n\t<ul>\n<li>AIDA\u00a0 d.o.o., Vransko<\/li>\n<li>AKVAMED d.o.o., Olovo<\/li>\n<li>AL-EX\u00a0 d.o.o., Zenica<\/li>\n<li>ALPIMEX\u00a0 d.o.o., Logatec<\/li>\n<li>BALKANIKA d.o.o., Konjic<\/li>\n<li>BC TRANSKOM, Skopje<\/li>\n<li>BELES d.o.o., Semi\u010d<\/li>\n<\/ul>\n\t<ul>\n<li>DIMNIK ANDREJ s.p., Dobrunje<\/li>\n<li>DOLENC s.p., Gabrovo<\/li>\n<li>DOSTAS a.s., Demirkoi<\/li>\n<li>DRVOPROIZVOD d.d., Jastrebarsko<\/li>\n<li>DRVOPROMET d.o.o., \u0160uica<\/li>\n<li>DU\u0160AK d.o.o, Gradec<\/li>\n<\/ul>\n\t<ul>\n<li>EUROIMPEX-AN d.o.o., Zavidovi\u0107i<\/li>\n<li>FAD d.o.o., Vogo\u0161\u010da<\/li>\n<li>FINVEST CORP d.o.o., \u010cabar<\/li>\n<li>GKZ \u010cE\u0160NJICA z.o.o., Bohinj<\/li>\n<li>GLOG-IND d.o.o., Godovi\u010d<\/li>\n<li>GOZDARSKA ZADRUGA, Gornja Radgona<\/li>\n<\/ul>\n\t<ul>\n<li>JUDE\u017d ANTON s.p., Bo\u0161tanj<\/li>\n<li>KARA\u010cI\u010c d.o.o., DONJA BISTRA, HRVA\u0160KA<\/li>\n<li>KAV\u010cI\u010c BRANKO s.p., DRA\u017dGO\u0160E<\/li>\n<li>KERN IVAN s.p., Lahov\u010de<\/li>\n<li>KIA d.o.o, \u0160mihel<\/li>\n<li>KIMEL FILTRI, Zagreb<\/li>\n<\/ul>\n\t<ul>\n<li>TIPLES d.o.o., Re\u010dica ob Savinji<\/li>\n<li>TOMLES d.o.o, Ponikva<\/li>\n<li>TURK FRANC s.p., Kle\u010det<\/li>\n<li>TURSUNPROM d.o.o., Stjepan polje<\/li>\n<li>TVORNICA NAMJE\u0160TAJA d.d., Turbe<\/li>\n<li>UKUS d.d., te\u0161anj<\/li>\n<\/ul>\n<h3>\n\t\tCONTACT\n\t<\/h3>\n<h4>Address<\/h4>\t\t\n\t\t\tSetnikarjeva ulica 11,<br \/>\n1000 Ljubljana, Slovenia\n<h4>Telephone<\/h4>\t\t\n\t\t\t<p><a href=\"tel:012560564\">01 256 05 64<\/a>, <a href=\"tel:041376463\">041 376 463<\/a>, <a href=\"tel:041646377\">041 646 377<\/a><\/p>\n<h4>E-mail<\/h4>\t\t\n\t\t\t<p><a href=\"mailto:info@m-r.si\">info@m-r.si<\/a><\/p>\n\t<iframe src=\"https:\/\/www.google.com\/maps\/embed\/v1\/place?q=Setnikarjeva+ulica+11%2C+1000+Ljubljana&#038;key=AIzaSyD09zQ9PNDNNy9TadMuzRV_UsPUoWKntt8\" aria-hidden=\"true\"><\/iframe>\n","protected":false},"excerpt":{"rendered":"<p>M \u2013 R PLUS d.o.o. Wood drying OFFER AND SERVICES Our company offer. WOOD DRYING OTHER OFFER REFERENCES ABOUT US We produce wood dryers and other products under our own brand and we take care of our good name by providing high-quality products with the implementation of subcontractors from Slovenia and from abroad under the&hellip;<\/p>\n","protected":false},"author":1,"featured_media":0,"parent":0,"menu_order":0,"comment_status":"closed","ping_status":"closed","template":"","meta":[],"yoast_head":"<!-- This site is optimized with the Yoast SEO plugin v19.7.2 - https:\/\/yoast.com\/wordpress\/plugins\/seo\/ -->\n<title>Home - M \u2013 R PLUS d.o.o. Su\u0161ilnica lesa<\/title>\n<meta name=\"robots\" content=\"index, follow, max-snippet:-1, max-image-preview:large, max-video-preview:-1\" \/>\n<link rel=\"canonical\" href=\"https:\/\/m-r.si\/en\/\" \/>\n<meta property=\"og:locale\" content=\"en_US\" \/>\n<meta property=\"og:type\" content=\"article\" \/>\n<meta property=\"og:title\" content=\"Home - M \u2013 R PLUS d.o.o. Su\u0161ilnica lesa\" \/>\n<meta property=\"og:description\" content=\"M \u2013 R PLUS d.o.o. Wood drying OFFER AND SERVICES Our company offer. WOOD DRYING OTHER OFFER REFERENCES ABOUT US We produce wood dryers and other products under our own brand and we take care of our good name by providing high-quality products with the implementation of subcontractors from Slovenia and from abroad under the&hellip;\" \/>\n<meta property=\"og:url\" content=\"https:\/\/m-r.si\/en\/\" \/>\n<meta property=\"og:site_name\" content=\"M \u2013 R PLUS d.o.o. Su\u0161ilnica lesa\" \/>\n<meta property=\"article:modified_time\" content=\"2020-07-13T13:14:21+00:00\" \/>\n<meta property=\"og:image\" content=\"https:\/\/m-r.si\/wp-content\/uploads\/2019\/11\/e683ead8-ebef-4d63-ab0d-f66daebfd3ab.jpg\" \/>\n<meta name=\"twitter:card\" content=\"summary_large_image\" \/>\n<meta name=\"twitter:label1\" content=\"Est. reading time\" \/>\n\t<meta name=\"twitter:data1\" content=\"2 minutes\" \/>\n<script type=\"application\/ld+json\" class=\"yoast-schema-graph\">{\"@context\":\"https:\/\/schema.org\",\"@graph\":[{\"@type\":\"WebPage\",\"@id\":\"https:\/\/m-r.si\/en\/\",\"url\":\"https:\/\/m-r.si\/en\/\",\"name\":\"Home - M \u2013 R PLUS d.o.o. Su\u0161ilnica lesa\",\"isPartOf\":{\"@id\":\"https:\/\/m-r.si\/en\/#website\"},\"datePublished\":\"2019-12-13T12:21:42+00:00\",\"dateModified\":\"2020-07-13T13:14:21+00:00\",\"breadcrumb\":{\"@id\":\"https:\/\/m-r.si\/en\/#breadcrumb\"},\"inLanguage\":\"en-US\",\"potentialAction\":[{\"@type\":\"ReadAction\",\"target\":[\"https:\/\/m-r.si\/en\/\"]}]},{\"@type\":\"BreadcrumbList\",\"@id\":\"https:\/\/m-r.si\/en\/#breadcrumb\",\"itemListElement\":[{\"@type\":\"ListItem\",\"position\":1,\"name\":\"Home\",\"item\":\"https:\/\/m-r.si\/en\/\"},{\"@type\":\"ListItem\",\"position\":2,\"name\":\"Home\"}]},{\"@type\":\"WebSite\",\"@id\":\"https:\/\/m-r.si\/en\/#website\",\"url\":\"https:\/\/m-r.si\/en\/\",\"name\":\"M \u2013 R PLUS d.o.o. Su\u0161ilnica lesa\",\"description\":\"\",\"potentialAction\":[{\"@type\":\"SearchAction\",\"target\":{\"@type\":\"EntryPoint\",\"urlTemplate\":\"https:\/\/m-r.si\/en\/?s={search_term_string}\"},\"query-input\":\"required name=search_term_string\"}],\"inLanguage\":\"en-US\"}]}<\/script>\n<!-- \/ Yoast SEO plugin. -->","yoast_head_json":{"title":"Home - M \u2013 R PLUS d.o.o. Su\u0161ilnica lesa","robots":{"index":"index","follow":"follow","max-snippet":"max-snippet:-1","max-image-preview":"max-image-preview:large","max-video-preview":"max-video-preview:-1"},"canonical":"https:\/\/m-r.si\/en\/","og_locale":"en_US","og_type":"article","og_title":"Home - M \u2013 R PLUS d.o.o. Su\u0161ilnica lesa","og_description":"M \u2013 R PLUS d.o.o. Wood drying OFFER AND SERVICES Our company offer. WOOD DRYING OTHER OFFER REFERENCES ABOUT US We produce wood dryers and other products under our own brand and we take care of our good name by providing high-quality products with the implementation of subcontractors from Slovenia and from abroad under the&hellip;","og_url":"https:\/\/m-r.si\/en\/","og_site_name":"M \u2013 R PLUS d.o.o. Su\u0161ilnica lesa","article_modified_time":"2020-07-13T13:14:21+00:00","og_image":[{"url":"https:\/\/m-r.si\/wp-content\/uploads\/2019\/11\/e683ead8-ebef-4d63-ab0d-f66daebfd3ab.jpg"}],"twitter_card":"summary_large_image","twitter_misc":{"Est. reading time":"2 minutes"},"schema":{"@context":"https:\/\/schema.org","@graph":[{"@type":"WebPage","@id":"https:\/\/m-r.si\/en\/","url":"https:\/\/m-r.si\/en\/","name":"Home - M \u2013 R PLUS d.o.o. Su\u0161ilnica lesa","isPartOf":{"@id":"https:\/\/m-r.si\/en\/#website"},"datePublished":"2019-12-13T12:21:42+00:00","dateModified":"2020-07-13T13:14:21+00:00","breadcrumb":{"@id":"https:\/\/m-r.si\/en\/#breadcrumb"},"inLanguage":"en-US","potentialAction":[{"@type":"ReadAction","target":["https:\/\/m-r.si\/en\/"]}]},{"@type":"BreadcrumbList","@id":"https:\/\/m-r.si\/en\/#breadcrumb","itemListElement":[{"@type":"ListItem","position":1,"name":"Home","item":"https:\/\/m-r.si\/en\/"},{"@type":"ListItem","position":2,"name":"Home"}]},{"@type":"WebSite","@id":"https:\/\/m-r.si\/en\/#website","url":"https:\/\/m-r.si\/en\/","name":"M \u2013 R PLUS d.o.o. Su\u0161ilnica lesa","description":"","potentialAction":[{"@type":"SearchAction","target":{"@type":"EntryPoint","urlTemplate":"https:\/\/m-r.si\/en\/?s={search_term_string}"},"query-input":"required name=search_term_string"}],"inLanguage":"en-US"}]}},"_links":{"self":[{"href":"https:\/\/m-r.si\/en\/wp-json\/wp\/v2\/pages\/290"}],"collection":[{"href":"https:\/\/m-r.si\/en\/wp-json\/wp\/v2\/pages"}],"about":[{"href":"https:\/\/m-r.si\/en\/wp-json\/wp\/v2\/types\/page"}],"author":[{"embeddable":true,"href":"https:\/\/m-r.si\/en\/wp-json\/wp\/v2\/users\/1"}],"replies":[{"embeddable":true,"href":"https:\/\/m-r.si\/en\/wp-json\/wp\/v2\/comments?post=290"}],"version-history":[{"count":5,"href":"https:\/\/m-r.si\/en\/wp-json\/wp\/v2\/pages\/290\/revisions"}],"predecessor-version":[{"id":395,"href":"https:\/\/m-r.si\/en\/wp-json\/wp\/v2\/pages\/290\/revisions\/395"}],"wp:attachment":[{"href":"https:\/\/m-r.si\/en\/wp-json\/wp\/v2\/media?parent=290"}],"curies":[{"name":"wp","href":"https:\/\/api.w.org\/{rel}","templated":true}]}}